{"id":138,"date":"2017-09-28T22:48:08","date_gmt":"2017-09-28T22:48:08","guid":{"rendered":"http:\/\/souplesseetforce.com\/?page_id=138"},"modified":"2025-01-28T19:21:20","modified_gmt":"2025-01-28T19:21:20","slug":"liens","status":"publish","type":"page","link":"https:\/\/souplesseetforce.com\/?page_id=138","title":{"rendered":"Liens"},"content":{"rendered":"<p><a href=\"https:\/\/eft-emdr-lille.com\/\">Cabinet de th\u00e9rapies psychocorporelles<\/a> 897, avenue de la R\u00e9publique \u00e0 Marcq-en-Baroeul<\/p>\r\n<p><a href=\"http:\/\/www.degasquet.com\/\">L&rsquo;institut de Gasquet<\/a> boulevard du Montparnasse \u00e0 Paris : l\u00e0 o\u00f9 la plus grande partie des formations se d\u00e9roule. Des cours ouverts \u00e0 tous et toutes y ont lieu toute l&rsquo;ann\u00e9e \u00e9galement.<\/p>\r\n<p><a href=\"https:\/\/www.core-studio.be\/\">Core studio, le centre de Sandro Zatta et Carine Craen<\/a>, cours en ligne via l&rsquo;application Eversport<\/p>\r\n\r\n<p>&nbsp;<\/p>\r\n","protected":false},"excerpt":{"rendered":"<p>Cabinet de th\u00e9rapies psychocorporelles 897, avenue de la R\u00e9publique \u00e0 Marcq-en-Baroeul L&rsquo;institut de Gasquet boulevard du Montparnasse \u00e0 Paris : l\u00e0 o\u00f9 la plus grande partie des formations se d\u00e9roule. Des cours ouverts \u00e0 tous et toutes y ont lieu toute l&rsquo;ann\u00e9e \u00e9galement. Core studio, le centre de Sandro Zatta<a href=\"https:\/\/souplesseetforce.com\/?page_id=138\" class=\"read-more\">Read More<\/a><\/p>\n","protected":false},"author":1,"featured_media":0,"parent":0,"menu_order":0,"comment_status":"closed","ping_status":"closed","template":"","meta":{"footnotes":""},"class_list":["post-138","page","type-page","status-publish","hentry"],"_links":{"self":[{"href":"https:\/\/souplesseetforce.com\/index.php?rest_route=\/wp\/v2\/pages\/138","targetHints":{"allow":["GET"]}}],"collection":[{"href":"https:\/\/souplesseetforce.com\/index.php?rest_route=\/wp\/v2\/pages"}],"about":[{"href":"https:\/\/souplesseetforce.com\/index.php?rest_route=\/wp\/v2\/types\/page"}],"author":[{"embeddable":true,"href":"https:\/\/souplesseetforce.com\/index.php?rest_route=\/wp\/v2\/users\/1"}],"replies":[{"embeddable":true,"href":"https:\/\/souplesseetforce.com\/index.php?rest_route=%2Fwp%2Fv2%2Fcomments&post=138"}],"version-history":[{"count":16,"href":"https:\/\/souplesseetforce.com\/index.php?rest_route=\/wp\/v2\/pages\/138\/revisions"}],"predecessor-version":[{"id":394,"href":"https:\/\/souplesseetforce.com\/index.php?rest_route=\/wp\/v2\/pages\/138\/revisions\/394"}],"wp:attachment":[{"href":"https:\/\/souplesseetforce.com\/index.php?rest_route=%2Fwp%2Fv2%2Fmedia&parent=138"}],"curies":[{"name":"wp","href":"https:\/\/api.w.org\/{rel}","templated":true}]}}